{"id":1231,"date":"2023-09-25T06:26:56","date_gmt":"2023-09-25T06:26:56","guid":{"rendered":"https:\/\/cde-dev.cde.africa\/?page_id=1231"},"modified":"2024-07-23T10:53:39","modified_gmt":"2024-07-23T10:53:39","slug":"politique-qualite-securite-environnement","status":"publish","type":"page","link":"https:\/\/staging-3.cde.africa\/?page_id=1231","title":{"rendered":"Politique Qualit\u00e9 S\u00e9curit\u00e9 Environnement"},"content":{"rendered":"\t\t<div data-elementor-type=\"wp-page\" data-elementor-id=\"1231\" class=\"elementor elementor-1231\" data-elementor-post-type=\"page\">\n\t\t\t\t\t\t<section class=\"elementor-section elementor-top-section elementor-element elementor-element-8e26b5e elementor-section-boxed elementor-section-height-default elementor-section-height-default\" data-id=\"8e26b5e\" data-element_type=\"section\" data-e-type=\"section\">\n\t\t\t\t\t\t<div class=\"elementor-container elementor-column-gap-default\">\n\t\t\t\t\t<div class=\"elementor-column elementor-col-100 elementor-top-column elementor-element elementor-element-af71402\" data-id=\"af71402\" data-element_type=\"column\" data-e-type=\"column\">\n\t\t\t<div class=\"elementor-widget-wrap elementor-element-populated\">\n\t\t\t\t\t\t<div class=\"elementor-element elementor-element-3960bbb elementor-widget elementor-widget-spacer\" data-id=\"3960bbb\" data-element_type=\"widget\" data-e-type=\"widget\" data-widget_type=\"spacer.default\">\n\t\t\t\t<div class=\"elementor-widget-container\">\n\t\t\t\t\t\t\t<div class=\"elementor-spacer\">\n\t\t\t<div class=\"elementor-spacer-inner\"><\/div>\n\t\t<\/div>\n\t\t\t\t\t\t<\/div>\n\t\t\t\t<\/div>\n\t\t\t\t<div class=\"elementor-element elementor-element-1a5b3df elementor-widget elementor-widget-heading\" data-id=\"1a5b3df\" data-element_type=\"widget\" data-e-type=\"widget\" data-widget_type=\"heading.default\">\n\t\t\t\t<div class=\"elementor-widget-container\">\n\t\t\t\t\t<h5 class=\"elementor-heading-title elementor-size-default\">Politique de qualit\u00e9, de s\u00e9curit\u00e9 et d'environnement<\/h5>\t\t\t\t<\/div>\n\t\t\t\t<\/div>\n\t\t\t\t<div class=\"elementor-element elementor-element-7e1fe72 elementor-widget elementor-widget-heading\" data-id=\"7e1fe72\" data-element_type=\"widget\" data-e-type=\"widget\" data-widget_type=\"heading.default\">\n\t\t\t\t<div class=\"elementor-widget-container\">\n\t\t\t\t\t<h1 class=\"elementor-heading-title elementor-size-default\">Le CDE, leader incontest\u00e9 depuis <span class=\"background-text\">1967<\/span><\/h1>\t\t\t\t<\/div>\n\t\t\t\t<\/div>\n\t\t\t\t<div class=\"elementor-element elementor-element-f1e4172 elementor-widget elementor-widget-text-editor\" data-id=\"f1e4172\" data-element_type=\"widget\" data-e-type=\"widget\" data-widget_type=\"text-editor.default\">\n\t\t\t\t<div class=\"elementor-widget-container\">\n\t\t\t\t\t\t\t\t\t<p>Au-del\u00e0 des fronti\u00e8res, une histoire \u00e0 hauteur d&rsquo;homme<\/p>\t\t\t\t\t\t\t\t<\/div>\n\t\t\t\t<\/div>\n\t\t\t\t<div class=\"elementor-element elementor-element-4b834d7 elementor-widget elementor-widget-spacer\" data-id=\"4b834d7\" data-element_type=\"widget\" data-e-type=\"widget\" data-widget_type=\"spacer.default\">\n\t\t\t\t<div class=\"elementor-widget-container\">\n\t\t\t\t\t\t\t<div class=\"elementor-spacer\">\n\t\t\t<div class=\"elementor-spacer-inner\"><\/div>\n\t\t<\/div>\n\t\t\t\t\t\t<\/div>\n\t\t\t\t<\/div>\n\t\t\t\t\t<\/div>\n\t\t<\/div>\n\t\t\t\t\t<\/div>\n\t\t<\/section>\n\t\t\t\t<section class=\"elementor-section elementor-top-section elementor-element elementor-element-137f596 elementor-section-boxed elementor-section-height-default elementor-section-height-default\" data-id=\"137f596\" data-element_type=\"section\" data-e-type=\"section\">\n\t\t\t\t\t\t<div class=\"elementor-container elementor-column-gap-no\">\n\t\t\t\t\t<div class=\"elementor-column elementor-col-100 elementor-top-column elementor-element elementor-element-f5964e3\" data-id=\"f5964e3\" data-element_type=\"column\" data-e-type=\"column\" data-settings=\"{&quot;background_background&quot;:&quot;classic&quot;}\">\n\t\t\t<div class=\"elementor-widget-wrap elementor-element-populated\">\n\t\t\t\t\t\t<section class=\"elementor-section elementor-inner-section elementor-element elementor-element-f75dacc elementor-section-boxed elementor-section-height-default elementor-section-height-default\" data-id=\"f75dacc\" data-element_type=\"section\" data-e-type=\"section\">\n\t\t\t\t\t\t<div class=\"elementor-container elementor-column-gap-no\">\n\t\t\t\t\t<div class=\"elementor-column elementor-col-100 elementor-inner-column elementor-element elementor-element-3af46a1\" data-id=\"3af46a1\" data-element_type=\"column\" data-e-type=\"column\">\n\t\t\t<div class=\"elementor-widget-wrap elementor-element-populated\">\n\t\t\t\t\t\t<div class=\"elementor-element elementor-element-9fd08ca elementor-widget elementor-widget-text-editor\" data-id=\"9fd08ca\" data-element_type=\"widget\" data-e-type=\"widget\" data-widget_type=\"text-editor.default\">\n\t\t\t\t<div class=\"elementor-widget-container\">\n\t\t\t\t\t\t\t\t\t<p>La satisfaction de nos clients, la sant\u00e9 et la s\u00e9curit\u00e9 de nos employ\u00e9s et la pr\u00e9servation de l&rsquo;environnement sont des enjeux majeurs dans la r\u00e9alisation des projets du <strong>CONSORTIUM D&rsquo;ENTREPRISES<\/strong>.<\/p><p>C&rsquo;est dans cet esprit que le CONSORTIUM D&rsquo;ENTREPRISES s&rsquo;efforce de d\u00e9velopper un syst\u00e8me de management qui int\u00e8gre la Qualit\u00e9, la S\u00e9curit\u00e9 et l&rsquo;Environnement. C&rsquo;est un v\u00e9ritable d\u00e9fi que nous devons relever dans nos activit\u00e9s quotidiennes.<br \/>En tant que Directeur G\u00e9n\u00e9ral du CDE, je m&rsquo;engage \u00e0 mettre en place les moyens humains, financiers, organisationnels et techniques n\u00e9cessaires pour :<\/p>\t\t\t\t\t\t\t\t<\/div>\n\t\t\t\t<\/div>\n\t\t\t\t<div class=\"elementor-element elementor-element-f58b273 elementor-widget elementor-widget-text-editor\" data-id=\"f58b273\" data-element_type=\"widget\" data-e-type=\"widget\" data-widget_type=\"text-editor.default\">\n\t\t\t\t<div class=\"elementor-widget-container\">\n\t\t\t\t\t\t\t\t\t<ul><li>Satisfaire les attentes de nos clients en les \u00e9coutant et en prenant en charge leurs demandes, tout en respectant les exigences contractuelles<\/li><\/ul>\t\t\t\t\t\t\t\t<\/div>\n\t\t\t\t<\/div>\n\t\t\t\t<div class=\"elementor-element elementor-element-4a2a44b elementor-widget elementor-widget-text-editor\" data-id=\"4a2a44b\" data-element_type=\"widget\" data-e-type=\"widget\" data-widget_type=\"text-editor.default\">\n\t\t\t\t<div class=\"elementor-widget-container\">\n\t\t\t\t\t\t\t\t\t<ul><li>Respecter les exigences techniques et les objectifs de rentabilit\u00e9 lors de l&rsquo;ex\u00e9cution du travail,<\/li><\/ul>\t\t\t\t\t\t\t\t<\/div>\n\t\t\t\t<\/div>\n\t\t\t\t<div class=\"elementor-element elementor-element-49a044d elementor-widget elementor-widget-text-editor\" data-id=\"49a044d\" data-element_type=\"widget\" data-e-type=\"widget\" data-widget_type=\"text-editor.default\">\n\t\t\t\t<div class=\"elementor-widget-container\">\n\t\t\t\t\t\t\t\t\t<ul><li>Prot\u00e9ger les personnes, les biens et l&rsquo;environnement pendant la construction de nos installations<\/li><\/ul>\t\t\t\t\t\t\t\t<\/div>\n\t\t\t\t<\/div>\n\t\t\t\t<div class=\"elementor-element elementor-element-5ba8adf elementor-widget elementor-widget-text-editor\" data-id=\"5ba8adf\" data-element_type=\"widget\" data-e-type=\"widget\" data-widget_type=\"text-editor.default\">\n\t\t\t\t<div class=\"elementor-widget-container\">\n\t\t\t\t\t\t\t\t\t<p>Le Responsable Qualit\u00e9 S\u00e9curit\u00e9 Environnement est charg\u00e9 de piloter cette d\u00e9marche, et est soutenu dans sa mission par les responsables de processus. Il est de leur responsabilit\u00e9 de mettre en \u0153uvre cette politique et de s&rsquo;engager dans l&rsquo;am\u00e9lioration continue du syst\u00e8me QSE.<br \/>Je compte sur le sentiment d&rsquo;appartenance et l&rsquo;implication de chacun pour que nous participions activement \u00e0 l&rsquo;am\u00e9lioration de nos performances au quotidien. Certifi\u00e9e ISO 9001 depuis plus de 10 ans, notre entreprise s&rsquo;efforce de pers\u00e9v\u00e9rer dans sa recherche de l&rsquo;excellence.<\/p>\t\t\t\t\t\t\t\t<\/div>\n\t\t\t\t<\/div>\n\t\t\t\t<div class=\"elementor-element elementor-element-0fb6f15 elementor-widget elementor-widget-heading\" data-id=\"0fb6f15\" data-element_type=\"widget\" data-e-type=\"widget\" data-widget_type=\"heading.default\">\n\t\t\t\t<div class=\"elementor-widget-container\">\n\t\t\t\t\t<h3 class=\"elementor-heading-title elementor-size-default\">Direction G\u00e9n\u00e9rale<\/h3>\t\t\t\t<\/div>\n\t\t\t\t<\/div>\n\t\t\t\t<div class=\"elementor-element elementor-element-65288b7 elementor-widget elementor-widget-heading\" data-id=\"65288b7\" data-element_type=\"widget\" data-e-type=\"widget\" data-widget_type=\"heading.default\">\n\t\t\t\t<div class=\"elementor-widget-container\">\n\t\t\t\t\t<h4 class=\"elementor-heading-title elementor-size-default\">L. HADDAD<\/h4>\t\t\t\t<\/div>\n\t\t\t\t<\/div>\n\t\t\t\t\t<\/div>\n\t\t<\/div>\n\t\t\t\t\t<\/div>\n\t\t<\/section>\n\t\t\t\t\t<\/div>\n\t\t<\/div>\n\t\t\t\t\t<\/div>\n\t\t<\/section>\n\t\t\t\t<section class=\"elementor-section elementor-top-section elementor-element elementor-element-b1a0c96 elementor-section-boxed elementor-section-height-default elementor-section-height-default\" data-id=\"b1a0c96\" data-element_type=\"section\" data-e-type=\"section\" data-settings=\"{&quot;background_background&quot;:&quot;classic&quot;}\">\n\t\t\t\t\t\t<div class=\"elementor-container elementor-column-gap-no\">\n\t\t\t\t\t<div class=\"elementor-column elementor-col-100 elementor-top-column elementor-element elementor-element-f11ce0a\" data-id=\"f11ce0a\" data-element_type=\"column\" data-e-type=\"column\" data-settings=\"{&quot;background_background&quot;:&quot;classic&quot;}\">\n\t\t\t<div class=\"elementor-widget-wrap elementor-element-populated\">\n\t\t\t\t\t\t<div class=\"elementor-element elementor-element-52c9176 elementor-widget elementor-widget-spacer\" data-id=\"52c9176\" data-element_type=\"widget\" data-e-type=\"widget\" data-widget_type=\"spacer.default\">\n\t\t\t\t<div class=\"elementor-widget-container\">\n\t\t\t\t\t\t\t<div class=\"elementor-spacer\">\n\t\t\t<div class=\"elementor-spacer-inner\"><\/div>\n\t\t<\/div>\n\t\t\t\t\t\t<\/div>\n\t\t\t\t<\/div>\n\t\t\t\t\t<\/div>\n\t\t<\/div>\n\t\t\t\t\t<\/div>\n\t\t<\/section>\n\t\t\t\t<\/div>\n\t\t","protected":false},"excerpt":{"rendered":"<p>Politique de qualit\u00e9, de s\u00e9curit\u00e9 et d&rsquo;environnement Le CDE, leader incontest\u00e9 depuis 1967 Au-del\u00e0 des fronti\u00e8res, une histoire \u00e0 hauteur d&rsquo;homme La satisfaction de nos clients, la sant\u00e9 et la s\u00e9curit\u00e9 de nos employ\u00e9s et la pr\u00e9servation de l&rsquo;environnement sont des enjeux majeurs dans la r\u00e9alisation des projets du CONSORTIUM D&rsquo;ENTREPRISES. C&rsquo;est dans cet esprit [&hellip;]<\/p>\n","protected":false},"author":1,"featured_media":0,"parent":0,"menu_order":0,"comment_status":"closed","ping_status":"closed","template":"","meta":{"footnotes":""},"class_list":["post-1231","page","type-page","status-publish","hentry"],"_links":{"self":[{"href":"https:\/\/staging-3.cde.africa\/index.php?rest_route=\/wp\/v2\/pages\/1231","targetHints":{"allow":["GET"]}}],"collection":[{"href":"https:\/\/staging-3.cde.africa\/index.php?rest_route=\/wp\/v2\/pages"}],"about":[{"href":"https:\/\/staging-3.cde.africa\/index.php?rest_route=\/wp\/v2\/types\/page"}],"author":[{"embeddable":true,"href":"https:\/\/staging-3.cde.africa\/index.php?rest_route=\/wp\/v2\/users\/1"}],"replies":[{"embeddable":true,"href":"https:\/\/staging-3.cde.africa\/index.php?rest_route=%2Fwp%2Fv2%2Fcomments&post=1231"}],"version-history":[{"count":98,"href":"https:\/\/staging-3.cde.africa\/index.php?rest_route=\/wp\/v2\/pages\/1231\/revisions"}],"predecessor-version":[{"id":5483,"href":"https:\/\/staging-3.cde.africa\/index.php?rest_route=\/wp\/v2\/pages\/1231\/revisions\/5483"}],"wp:attachment":[{"href":"https:\/\/staging-3.cde.africa\/index.php?rest_route=%2Fwp%2Fv2%2Fmedia&parent=1231"}],"curies":[{"name":"wp","href":"https:\/\/api.w.org\/{rel}","templated":true}]}}