{"id":1285,"date":"2023-09-25T06:45:30","date_gmt":"2023-09-25T06:45:30","guid":{"rendered":"https:\/\/cde-dev.cde.africa\/?page_id=1285"},"modified":"2025-02-17T10:01:05","modified_gmt":"2025-02-17T10:01:05","slug":"organigramme","status":"publish","type":"page","link":"https:\/\/staging-3.cde.africa\/?page_id=1285","title":{"rendered":"Organigramme"},"content":{"rendered":"\t\t<div data-elementor-type=\"wp-page\" data-elementor-id=\"1285\" class=\"elementor elementor-1285\" data-elementor-post-type=\"page\">\n\t\t\t\t\t\t<section class=\"elementor-section elementor-top-section elementor-element elementor-element-79a58e4 elementor-section-boxed elementor-section-height-default elementor-section-height-default\" data-id=\"79a58e4\" data-element_type=\"section\" data-e-type=\"section\">\n\t\t\t\t\t\t<div class=\"elementor-container elementor-column-gap-default\">\n\t\t\t\t\t<div class=\"elementor-column elementor-col-100 elementor-top-column elementor-element elementor-element-81399e9\" data-id=\"81399e9\" data-element_type=\"column\" data-e-type=\"column\">\n\t\t\t<div class=\"elementor-widget-wrap elementor-element-populated\">\n\t\t\t\t\t\t<div class=\"elementor-element elementor-element-af3e3d8 elementor-widget elementor-widget-spacer\" data-id=\"af3e3d8\" data-element_type=\"widget\" data-e-type=\"widget\" data-widget_type=\"spacer.default\">\n\t\t\t\t<div class=\"elementor-widget-container\">\n\t\t\t\t\t\t\t<div class=\"elementor-spacer\">\n\t\t\t<div class=\"elementor-spacer-inner\"><\/div>\n\t\t<\/div>\n\t\t\t\t\t\t<\/div>\n\t\t\t\t<\/div>\n\t\t\t\t<div class=\"elementor-element elementor-element-eaeabb2 elementor-widget elementor-widget-heading\" data-id=\"eaeabb2\" data-element_type=\"widget\" data-e-type=\"widget\" data-widget_type=\"heading.default\">\n\t\t\t\t<div class=\"elementor-widget-container\">\n\t\t\t\t\t<h5 class=\"elementor-heading-title elementor-size-default\">Organigramme<\/h5>\t\t\t\t<\/div>\n\t\t\t\t<\/div>\n\t\t\t\t<div class=\"elementor-element elementor-element-504a415 elementor-widget elementor-widget-heading\" data-id=\"504a415\" data-element_type=\"widget\" data-e-type=\"widget\" data-widget_type=\"heading.default\">\n\t\t\t\t<div class=\"elementor-widget-container\">\n\t\t\t\t\t<h1 class=\"elementor-heading-title elementor-size-default\">Le CDE, leader incontest\u00e9, depuis<span class=\"background-text\">1967.<\/span><\/h1>\t\t\t\t<\/div>\n\t\t\t\t<\/div>\n\t\t\t\t\t<\/div>\n\t\t<\/div>\n\t\t\t\t\t<\/div>\n\t\t<\/section>\n\t\t\t\t<section class=\"elementor-section elementor-top-section elementor-element elementor-element-b92e2a1 elementor-section-height-min-height elementor-hidden-mobile elementor-section-boxed elementor-section-height-default elementor-section-items-middle\" data-id=\"b92e2a1\" data-element_type=\"section\" data-e-type=\"section\" data-settings=\"{&quot;background_background&quot;:&quot;classic&quot;}\">\n\t\t\t\t\t\t<div class=\"elementor-container elementor-column-gap-no\">\n\t\t\t\t\t<div class=\"elementor-column elementor-col-100 elementor-top-column elementor-element elementor-element-6d50442\" data-id=\"6d50442\" data-element_type=\"column\" data-e-type=\"column\">\n\t\t\t<div class=\"elementor-widget-wrap\">\n\t\t\t\t\t\t\t<\/div>\n\t\t<\/div>\n\t\t\t\t\t<\/div>\n\t\t<\/section>\n\t\t\t\t<section class=\"elementor-section elementor-top-section elementor-element elementor-element-1e212f8 elementor-hidden-mobile elementor-section-boxed elementor-section-height-default elementor-section-height-default\" data-id=\"1e212f8\" data-element_type=\"section\" data-e-type=\"section\">\n\t\t\t\t\t\t<div class=\"elementor-container elementor-column-gap-default\">\n\t\t\t\t\t<div class=\"elementor-column elementor-col-100 elementor-top-column elementor-element elementor-element-8d6479d\" data-id=\"8d6479d\" data-element_type=\"column\" data-e-type=\"column\">\n\t\t\t<div class=\"elementor-widget-wrap elementor-element-populated\">\n\t\t\t\t\t\t<div class=\"elementor-element elementor-element-f5c0dd5 elementor-tabs-alignment-center tab_content elementor-tabs-view-horizontal elementor-widget elementor-widget-tabs\" data-id=\"f5c0dd5\" data-element_type=\"widget\" data-e-type=\"widget\" data-widget_type=\"tabs.default\">\n\t\t\t\t<div class=\"elementor-widget-container\">\n\t\t\t\t\t\t\t<div class=\"elementor-tabs\">\n\t\t\t<div class=\"elementor-tabs-wrapper\" role=\"tablist\" >\n\t\t\t\t\t\t\t\t\t<div id=\"elementor-tab-title-2571\" class=\"elementor-tab-title elementor-tab-desktop-title\" aria-selected=\"true\" data-tab=\"1\" role=\"tab\" tabindex=\"0\" aria-controls=\"elementor-tab-content-2571\" aria-expanded=\"false\">Direction g\u00e9n\u00e9rale<\/div>\n\t\t\t\t\t\t\t\t\t<div id=\"elementor-tab-title-2572\" class=\"elementor-tab-title elementor-tab-desktop-title\" aria-selected=\"false\" data-tab=\"2\" role=\"tab\" tabindex=\"-1\" aria-controls=\"elementor-tab-content-2572\" aria-expanded=\"false\">Directions<\/div>\n\t\t\t\t\t\t\t\t\t<div id=\"elementor-tab-title-2573\" class=\"elementor-tab-title elementor-tab-desktop-title\" aria-selected=\"false\" data-tab=\"3\" role=\"tab\" tabindex=\"-1\" aria-controls=\"elementor-tab-content-2573\" aria-expanded=\"false\">Services<\/div>\n\t\t\t\t\t\t\t\t\t<div id=\"elementor-tab-title-2574\" class=\"elementor-tab-title elementor-tab-desktop-title\" aria-selected=\"false\" data-tab=\"4\" role=\"tab\" tabindex=\"-1\" aria-controls=\"elementor-tab-content-2574\" aria-expanded=\"false\">Ateliers<\/div>\n\t\t\t\t\t\t\t<\/div>\n\t\t\t<div class=\"elementor-tabs-content-wrapper\" role=\"tablist\" aria-orientation=\"vertical\">\n\t\t\t\t\t\t\t\t\t<div class=\"elementor-tab-title elementor-tab-mobile-title\" aria-selected=\"true\" data-tab=\"1\" role=\"tab\" tabindex=\"0\" aria-controls=\"elementor-tab-content-2571\" aria-expanded=\"false\">Direction g\u00e9n\u00e9rale<\/div>\n\t\t\t\t\t<div id=\"elementor-tab-content-2571\" class=\"elementor-tab-content elementor-clearfix\" data-tab=\"1\" role=\"tabpanel\" aria-labelledby=\"elementor-tab-title-2571\" tabindex=\"0\" hidden=\"false\"><p><img fetchpriority=\"high\" decoding=\"async\" class=\"alignnone wp-image-1320 size-full\" src=\"https:\/\/staging-3.cde.africa\/wp-content\/uploads\/2023\/09\/tab-img.jpg\" alt=\"\" width=\"1142\" height=\"974\" srcset=\"https:\/\/staging-3.cde.africa\/wp-content\/uploads\/2023\/09\/tab-img.jpg 1142w, https:\/\/staging-3.cde.africa\/wp-content\/uploads\/2023\/09\/tab-img-300x256.jpg 300w, https:\/\/staging-3.cde.africa\/wp-content\/uploads\/2023\/09\/tab-img-1024x873.jpg 1024w, https:\/\/staging-3.cde.africa\/wp-content\/uploads\/2023\/09\/tab-img-768x655.jpg 768w\" sizes=\"(max-width: 1142px) 100vw, 1142px\" \/><\/p><\/div>\n\t\t\t\t\t\t\t\t\t<div class=\"elementor-tab-title elementor-tab-mobile-title\" aria-selected=\"false\" data-tab=\"2\" role=\"tab\" tabindex=\"-1\" aria-controls=\"elementor-tab-content-2572\" aria-expanded=\"false\">Directions<\/div>\n\t\t\t\t\t<div id=\"elementor-tab-content-2572\" class=\"elementor-tab-content elementor-clearfix\" data-tab=\"2\" role=\"tabpanel\" aria-labelledby=\"elementor-tab-title-2572\" tabindex=\"0\" hidden=\"hidden\"><p><img decoding=\"async\" class=\"alignnone size-full wp-image-5367\" src=\"https:\/\/staging-3.cde.africa\/wp-content\/uploads\/2024\/07\/Organigramme-CDE_direction_Plan-de-travail-1-01-scaled.jpg\" alt=\"\" width=\"2560\" height=\"2183\" srcset=\"https:\/\/staging-3.cde.africa\/wp-content\/uploads\/2024\/07\/Organigramme-CDE_direction_Plan-de-travail-1-01-scaled.jpg 2560w, https:\/\/staging-3.cde.africa\/wp-content\/uploads\/2024\/07\/Organigramme-CDE_direction_Plan-de-travail-1-01-300x256.jpg 300w, https:\/\/staging-3.cde.africa\/wp-content\/uploads\/2024\/07\/Organigramme-CDE_direction_Plan-de-travail-1-01-1024x873.jpg 1024w, https:\/\/staging-3.cde.africa\/wp-content\/uploads\/2024\/07\/Organigramme-CDE_direction_Plan-de-travail-1-01-768x655.jpg 768w, https:\/\/staging-3.cde.africa\/wp-content\/uploads\/2024\/07\/Organigramme-CDE_direction_Plan-de-travail-1-01-1536x1310.jpg 1536w, https:\/\/staging-3.cde.africa\/wp-content\/uploads\/2024\/07\/Organigramme-CDE_direction_Plan-de-travail-1-01-2048x1747.jpg 2048w, https:\/\/staging-3.cde.africa\/wp-content\/uploads\/2024\/07\/Organigramme-CDE_direction_Plan-de-travail-1-01-14x12.jpg 14w\" sizes=\"(max-width: 2560px) 100vw, 2560px\" \/><\/p><\/div>\n\t\t\t\t\t\t\t\t\t<div class=\"elementor-tab-title elementor-tab-mobile-title\" aria-selected=\"false\" data-tab=\"3\" role=\"tab\" tabindex=\"-1\" aria-controls=\"elementor-tab-content-2573\" aria-expanded=\"false\">Services<\/div>\n\t\t\t\t\t<div id=\"elementor-tab-content-2573\" class=\"elementor-tab-content elementor-clearfix\" data-tab=\"3\" role=\"tabpanel\" aria-labelledby=\"elementor-tab-title-2573\" tabindex=\"0\" hidden=\"hidden\"><p><img decoding=\"async\" class=\"alignnone size-full wp-image-5381\" src=\"https:\/\/staging-3.cde.africa\/wp-content\/uploads\/2024\/07\/Organigramme-CDE_services-02-scaled.jpg\" alt=\"\" width=\"2560\" height=\"2187\" srcset=\"https:\/\/staging-3.cde.africa\/wp-content\/uploads\/2024\/07\/Organigramme-CDE_services-02-scaled.jpg 2560w, https:\/\/staging-3.cde.africa\/wp-content\/uploads\/2024\/07\/Organigramme-CDE_services-02-300x256.jpg 300w, https:\/\/staging-3.cde.africa\/wp-content\/uploads\/2024\/07\/Organigramme-CDE_services-02-1024x875.jpg 1024w, https:\/\/staging-3.cde.africa\/wp-content\/uploads\/2024\/07\/Organigramme-CDE_services-02-768x656.jpg 768w, https:\/\/staging-3.cde.africa\/wp-content\/uploads\/2024\/07\/Organigramme-CDE_services-02-1536x1312.jpg 1536w, https:\/\/staging-3.cde.africa\/wp-content\/uploads\/2024\/07\/Organigramme-CDE_services-02-2048x1750.jpg 2048w, https:\/\/staging-3.cde.africa\/wp-content\/uploads\/2024\/07\/Organigramme-CDE_services-02-14x12.jpg 14w\" sizes=\"(max-width: 2560px) 100vw, 2560px\" \/><\/p><\/div>\n\t\t\t\t\t\t\t\t\t<div class=\"elementor-tab-title elementor-tab-mobile-title\" aria-selected=\"false\" data-tab=\"4\" role=\"tab\" tabindex=\"-1\" aria-controls=\"elementor-tab-content-2574\" aria-expanded=\"false\">Ateliers<\/div>\n\t\t\t\t\t<div id=\"elementor-tab-content-2574\" class=\"elementor-tab-content elementor-clearfix\" data-tab=\"4\" role=\"tabpanel\" aria-labelledby=\"elementor-tab-title-2574\" tabindex=\"0\" hidden=\"hidden\"><p><img loading=\"lazy\" decoding=\"async\" class=\"alignnone size-full wp-image-5377\" src=\"https:\/\/staging-3.cde.africa\/wp-content\/uploads\/2024\/07\/Organigramme-CDE_ateliers-03-1-scaled.jpg\" alt=\"\" width=\"2560\" height=\"2187\" srcset=\"https:\/\/staging-3.cde.africa\/wp-content\/uploads\/2024\/07\/Organigramme-CDE_ateliers-03-1-scaled.jpg 2560w, https:\/\/staging-3.cde.africa\/wp-content\/uploads\/2024\/07\/Organigramme-CDE_ateliers-03-1-300x256.jpg 300w, https:\/\/staging-3.cde.africa\/wp-content\/uploads\/2024\/07\/Organigramme-CDE_ateliers-03-1-1024x875.jpg 1024w, https:\/\/staging-3.cde.africa\/wp-content\/uploads\/2024\/07\/Organigramme-CDE_ateliers-03-1-768x656.jpg 768w, https:\/\/staging-3.cde.africa\/wp-content\/uploads\/2024\/07\/Organigramme-CDE_ateliers-03-1-1536x1312.jpg 1536w, https:\/\/staging-3.cde.africa\/wp-content\/uploads\/2024\/07\/Organigramme-CDE_ateliers-03-1-2048x1750.jpg 2048w, https:\/\/staging-3.cde.africa\/wp-content\/uploads\/2024\/07\/Organigramme-CDE_ateliers-03-1-14x12.jpg 14w\" sizes=\"(max-width: 2560px) 100vw, 2560px\" \/><\/p><\/div>\n\t\t\t\t\t\t\t<\/div>\n\t\t<\/div>\n\t\t\t\t\t\t<\/div>\n\t\t\t\t<\/div>\n\t\t\t\t\t<\/div>\n\t\t<\/div>\n\t\t\t\t\t<\/div>\n\t\t<\/section>\n\t\t\t\t<section class=\"elementor-section elementor-top-section elementor-element elementor-element-77cfac7 elementor-hidden-desktop elementor-hidden-tablet elementor-section-boxed elementor-section-height-default elementor-section-height-default\" data-id=\"77cfac7\" data-element_type=\"section\" data-e-type=\"section\">\n\t\t\t\t\t\t<div class=\"elementor-container elementor-column-gap-no\">\n\t\t\t\t\t<div class=\"elementor-column elementor-col-100 elementor-top-column elementor-element elementor-element-c7f825d\" data-id=\"c7f825d\" data-element_type=\"column\" data-e-type=\"column\">\n\t\t\t<div class=\"elementor-widget-wrap elementor-element-populated\">\n\t\t\t\t\t\t<div class=\"elementor-element elementor-element-f2af689 elementor-tabs-alignment-center mobile_tab_Content elementor-tabs-view-horizontal elementor-widget elementor-widget-tabs\" data-id=\"f2af689\" data-element_type=\"widget\" data-e-type=\"widget\" data-widget_type=\"tabs.default\">\n\t\t\t\t<div class=\"elementor-widget-container\">\n\t\t\t\t\t\t\t<div class=\"elementor-tabs\">\n\t\t\t<div class=\"elementor-tabs-wrapper\" role=\"tablist\" >\n\t\t\t\t\t\t\t\t\t<div id=\"elementor-tab-title-2541\" class=\"elementor-tab-title elementor-tab-desktop-title\" aria-selected=\"true\" data-tab=\"1\" role=\"tab\" tabindex=\"0\" aria-controls=\"elementor-tab-content-2541\" aria-expanded=\"false\">Direction Generale<\/div>\n\t\t\t\t\t\t\t\t\t<div id=\"elementor-tab-title-2542\" class=\"elementor-tab-title elementor-tab-desktop-title\" aria-selected=\"false\" data-tab=\"2\" role=\"tab\" tabindex=\"-1\" aria-controls=\"elementor-tab-content-2542\" aria-expanded=\"false\">Directions<\/div>\n\t\t\t\t\t\t\t\t\t<div id=\"elementor-tab-title-2543\" class=\"elementor-tab-title elementor-tab-desktop-title\" aria-selected=\"false\" data-tab=\"3\" role=\"tab\" tabindex=\"-1\" aria-controls=\"elementor-tab-content-2543\" aria-expanded=\"false\">Services<\/div>\n\t\t\t\t\t\t\t\t\t<div id=\"elementor-tab-title-2544\" class=\"elementor-tab-title elementor-tab-desktop-title\" aria-selected=\"false\" data-tab=\"4\" role=\"tab\" tabindex=\"-1\" aria-controls=\"elementor-tab-content-2544\" aria-expanded=\"false\">Ateliers<\/div>\n\t\t\t\t\t\t\t<\/div>\n\t\t\t<div class=\"elementor-tabs-content-wrapper\" role=\"tablist\" aria-orientation=\"vertical\">\n\t\t\t\t\t\t\t\t\t<div class=\"elementor-tab-title elementor-tab-mobile-title\" aria-selected=\"true\" data-tab=\"1\" role=\"tab\" tabindex=\"0\" aria-controls=\"elementor-tab-content-2541\" aria-expanded=\"false\">Direction Generale<\/div>\n\t\t\t\t\t<div id=\"elementor-tab-content-2541\" class=\"elementor-tab-content elementor-clearfix\" data-tab=\"1\" role=\"tabpanel\" aria-labelledby=\"elementor-tab-title-2541\" tabindex=\"0\" hidden=\"false\"><p><img loading=\"lazy\" decoding=\"async\" class=\"alignnone size-full wp-image-1320\" src=\"https:\/\/staging-3.cde.africa\/wp-content\/uploads\/2023\/09\/tab-img.jpg\" alt=\"\" width=\"1142\" height=\"974\" srcset=\"https:\/\/staging-3.cde.africa\/wp-content\/uploads\/2023\/09\/tab-img.jpg 1142w, https:\/\/staging-3.cde.africa\/wp-content\/uploads\/2023\/09\/tab-img-300x256.jpg 300w, https:\/\/staging-3.cde.africa\/wp-content\/uploads\/2023\/09\/tab-img-1024x873.jpg 1024w, https:\/\/staging-3.cde.africa\/wp-content\/uploads\/2023\/09\/tab-img-768x655.jpg 768w\" sizes=\"(max-width: 1142px) 100vw, 1142px\" \/><\/p><\/div>\n\t\t\t\t\t\t\t\t\t<div class=\"elementor-tab-title elementor-tab-mobile-title\" aria-selected=\"false\" data-tab=\"2\" role=\"tab\" tabindex=\"-1\" aria-controls=\"elementor-tab-content-2542\" aria-expanded=\"false\">Directions<\/div>\n\t\t\t\t\t<div id=\"elementor-tab-content-2542\" class=\"elementor-tab-content elementor-clearfix\" data-tab=\"2\" role=\"tabpanel\" aria-labelledby=\"elementor-tab-title-2542\" tabindex=\"0\" hidden=\"hidden\"><p><img loading=\"lazy\" decoding=\"async\" class=\"alignnone size-full wp-image-1320\" src=\"https:\/\/staging-3.cde.africa\/wp-content\/uploads\/2023\/09\/tab-img.jpg\" alt=\"\" width=\"1142\" height=\"974\" srcset=\"https:\/\/staging-3.cde.africa\/wp-content\/uploads\/2023\/09\/tab-img.jpg 1142w, https:\/\/staging-3.cde.africa\/wp-content\/uploads\/2023\/09\/tab-img-300x256.jpg 300w, https:\/\/staging-3.cde.africa\/wp-content\/uploads\/2023\/09\/tab-img-1024x873.jpg 1024w, https:\/\/staging-3.cde.africa\/wp-content\/uploads\/2023\/09\/tab-img-768x655.jpg 768w\" sizes=\"(max-width: 1142px) 100vw, 1142px\" \/><\/p><\/div>\n\t\t\t\t\t\t\t\t\t<div class=\"elementor-tab-title elementor-tab-mobile-title\" aria-selected=\"false\" data-tab=\"3\" role=\"tab\" tabindex=\"-1\" aria-controls=\"elementor-tab-content-2543\" aria-expanded=\"false\">Services<\/div>\n\t\t\t\t\t<div id=\"elementor-tab-content-2543\" class=\"elementor-tab-content elementor-clearfix\" data-tab=\"3\" role=\"tabpanel\" aria-labelledby=\"elementor-tab-title-2543\" tabindex=\"0\" hidden=\"hidden\"><p><img loading=\"lazy\" decoding=\"async\" class=\"alignnone size-full wp-image-1320\" src=\"https:\/\/staging-3.cde.africa\/wp-content\/uploads\/2023\/09\/tab-img.jpg\" alt=\"\" width=\"1142\" height=\"974\" srcset=\"https:\/\/staging-3.cde.africa\/wp-content\/uploads\/2023\/09\/tab-img.jpg 1142w, https:\/\/staging-3.cde.africa\/wp-content\/uploads\/2023\/09\/tab-img-300x256.jpg 300w, https:\/\/staging-3.cde.africa\/wp-content\/uploads\/2023\/09\/tab-img-1024x873.jpg 1024w, https:\/\/staging-3.cde.africa\/wp-content\/uploads\/2023\/09\/tab-img-768x655.jpg 768w\" sizes=\"(max-width: 1142px) 100vw, 1142px\" \/><\/p><\/div>\n\t\t\t\t\t\t\t\t\t<div class=\"elementor-tab-title elementor-tab-mobile-title\" aria-selected=\"false\" data-tab=\"4\" role=\"tab\" tabindex=\"-1\" aria-controls=\"elementor-tab-content-2544\" aria-expanded=\"false\">Ateliers<\/div>\n\t\t\t\t\t<div id=\"elementor-tab-content-2544\" class=\"elementor-tab-content elementor-clearfix\" data-tab=\"4\" role=\"tabpanel\" aria-labelledby=\"elementor-tab-title-2544\" tabindex=\"0\" hidden=\"hidden\"><p><img loading=\"lazy\" decoding=\"async\" class=\"alignnone size-full wp-image-1320\" src=\"https:\/\/staging-3.cde.africa\/wp-content\/uploads\/2023\/09\/tab-img.jpg\" alt=\"\" width=\"1142\" height=\"974\" srcset=\"https:\/\/staging-3.cde.africa\/wp-content\/uploads\/2023\/09\/tab-img.jpg 1142w, https:\/\/staging-3.cde.africa\/wp-content\/uploads\/2023\/09\/tab-img-300x256.jpg 300w, https:\/\/staging-3.cde.africa\/wp-content\/uploads\/2023\/09\/tab-img-1024x873.jpg 1024w, https:\/\/staging-3.cde.africa\/wp-content\/uploads\/2023\/09\/tab-img-768x655.jpg 768w\" sizes=\"(max-width: 1142px) 100vw, 1142px\" \/><\/p><\/div>\n\t\t\t\t\t\t\t<\/div>\n\t\t<\/div>\n\t\t\t\t\t\t<\/div>\n\t\t\t\t<\/div>\n\t\t\t\t\t<\/div>\n\t\t<\/div>\n\t\t\t\t\t<\/div>\n\t\t<\/section>\n\t\t\t\t<\/div>\n\t\t","protected":false},"excerpt":{"rendered":"<p>Organigramme Le CDE, leader incontest\u00e9, depuis1967. Direction g\u00e9n\u00e9rale Directions Services Ateliers Direction g\u00e9n\u00e9rale Directions Services Ateliers Direction Generale Directions Services Ateliers Direction Generale Directions Services Ateliers<\/p>\n","protected":false},"author":1,"featured_media":0,"parent":0,"menu_order":0,"comment_status":"closed","ping_status":"closed","template":"","meta":{"footnotes":""},"class_list":["post-1285","page","type-page","status-publish","hentry"],"_links":{"self":[{"href":"https:\/\/staging-3.cde.africa\/index.php?rest_route=\/wp\/v2\/pages\/1285","targetHints":{"allow":["GET"]}}],"collection":[{"href":"https:\/\/staging-3.cde.africa\/index.php?rest_route=\/wp\/v2\/pages"}],"about":[{"href":"https:\/\/staging-3.cde.africa\/index.php?rest_route=\/wp\/v2\/types\/page"}],"author":[{"embeddable":true,"href":"https:\/\/staging-3.cde.africa\/index.php?rest_route=\/wp\/v2\/users\/1"}],"replies":[{"embeddable":true,"href":"https:\/\/staging-3.cde.africa\/index.php?rest_route=%2Fwp%2Fv2%2Fcomments&post=1285"}],"version-history":[{"count":143,"href":"https:\/\/staging-3.cde.africa\/index.php?rest_route=\/wp\/v2\/pages\/1285\/revisions"}],"predecessor-version":[{"id":6867,"href":"https:\/\/staging-3.cde.africa\/index.php?rest_route=\/wp\/v2\/pages\/1285\/revisions\/6867"}],"wp:attachment":[{"href":"https:\/\/staging-3.cde.africa\/index.php?rest_route=%2Fwp%2Fv2%2Fmedia&parent=1285"}],"curies":[{"name":"wp","href":"https:\/\/api.w.org\/{rel}","templated":true}]}}