{"id":894,"date":"2023-09-25T04:48:16","date_gmt":"2023-09-25T04:48:16","guid":{"rendered":"https:\/\/cde-dev.cde.africa\/?page_id=894"},"modified":"2025-02-11T15:29:28","modified_gmt":"2025-02-11T15:29:28","slug":"presentation","status":"publish","type":"page","link":"https:\/\/staging-3.cde.africa\/?page_id=894","title":{"rendered":"Pr\u00e9sentation"},"content":{"rendered":"\t\t<div data-elementor-type=\"wp-page\" data-elementor-id=\"894\" class=\"elementor elementor-894\" data-elementor-post-type=\"page\">\n\t\t\t\t\t\t<section class=\"elementor-section elementor-top-section elementor-element elementor-element-fec5274 elementor-section-boxed elementor-section-height-default elementor-section-height-default\" data-id=\"fec5274\" data-element_type=\"section\" data-e-type=\"section\">\n\t\t\t\t\t\t<div class=\"elementor-container elementor-column-gap-no\">\n\t\t\t\t\t<div class=\"elementor-column elementor-col-100 elementor-top-column elementor-element elementor-element-4aea494\" data-id=\"4aea494\" data-element_type=\"column\" data-e-type=\"column\">\n\t\t\t<div class=\"elementor-widget-wrap elementor-element-populated\">\n\t\t\t\t\t\t<div class=\"elementor-element elementor-element-41072de elementor-widget elementor-widget-heading\" data-id=\"41072de\" data-element_type=\"widget\" data-e-type=\"widget\" data-widget_type=\"heading.default\">\n\t\t\t\t<div class=\"elementor-widget-container\">\n\t\t\t\t\t<h5 class=\"elementor-heading-title elementor-size-default\">Pr\u00e9sentation<\/h5>\t\t\t\t<\/div>\n\t\t\t\t<\/div>\n\t\t\t\t<div class=\"elementor-element elementor-element-832d251 elementor-widget elementor-widget-heading\" data-id=\"832d251\" data-element_type=\"widget\" data-e-type=\"widget\" data-widget_type=\"heading.default\">\n\t\t\t\t<div class=\"elementor-widget-container\">\n\t\t\t\t\t<h1 class=\"elementor-heading-title elementor-size-default\">CDE, leader incontest\u00e9, depuis <span class=\"background-text\">1967.<\/span><\/h1>\t\t\t\t<\/div>\n\t\t\t\t<\/div>\n\t\t\t\t<div class=\"elementor-element elementor-element-6f58635 elementor-widget__width-initial elementor-widget elementor-widget-text-editor\" data-id=\"6f58635\" data-element_type=\"widget\" data-e-type=\"widget\" data-widget_type=\"text-editor.default\">\n\t\t\t\t<div class=\"elementor-widget-container\">\n\t\t\t\t\t\t\t\t\t<p>CDE, un leader incontest\u00e9, depuis 1967 &#8211; ann\u00e9e de sa cr\u00e9ation &#8211; a pu gr\u00e2ce \u00e0 son savoir-faire et son professionnalisme, devenir une entreprise de r\u00e9f\u00e9rence dans le domaine du <strong>B\u00e2timents<\/strong> et des <strong>Travaux Publics<\/strong> avec <strong>la r\u00e9alisation d\u2019ouvrages prestigieux au S\u00e9n\u00e9gal<\/strong>, en Afrique de l\u2019ouest, en Afrique centrale et au Moyen-Orient.<\/p><p><strong>Le b\u00e2timent est le m\u00e9tier fondateur de CDE.<\/strong><\/p><p>\u00c0 partir de cette branche, l\u2019entreprise s\u2019est impos\u00e9e comme leader au S\u00e9n\u00e9gal.<\/p>\t\t\t\t\t\t\t\t<\/div>\n\t\t\t\t<\/div>\n\t\t\t\t<div class=\"elementor-element elementor-element-58a448f elementor-widget elementor-widget-video\" data-id=\"58a448f\" data-element_type=\"widget\" data-e-type=\"widget\" data-settings=\"{&quot;youtube_url&quot;:&quot;https:\\\/\\\/www.youtube.com\\\/watch?v=gSS9zncthFk&quot;,&quot;show_image_overlay&quot;:&quot;yes&quot;,&quot;image_overlay&quot;:{&quot;url&quot;:&quot;https:\\\/\\\/staging-3.cde.africa\\\/wp-content\\\/uploads\\\/2023\\\/09\\\/video-img.jpg&quot;,&quot;id&quot;:696,&quot;size&quot;:&quot;&quot;,&quot;alt&quot;:&quot;&quot;,&quot;source&quot;:&quot;library&quot;},&quot;video_type&quot;:&quot;youtube&quot;,&quot;controls&quot;:&quot;yes&quot;}\" data-widget_type=\"video.default\">\n\t\t\t\t<div class=\"elementor-widget-container\">\n\t\t\t\t\t\t\t<div class=\"elementor-wrapper elementor-open-inline\">\n\t\t\t<div class=\"elementor-video\"><\/div>\t\t\t\t<div class=\"elementor-custom-embed-image-overlay\" style=\"background-image: url(https:\/\/staging-3.cde.africa\/wp-content\/uploads\/elementor\/thumbs\/video-img-qcs9sjswclak8uy1h988i5p1xazbyriswkgkkf7its.jpg);\">\n\t\t\t\t\t\t\t\t\t\t\t\t\t\t\t\t<div class=\"elementor-custom-embed-play\" role=\"button\" aria-label=\"Lire la vid\u00e9o\" tabindex=\"0\">\n\t\t\t\t\t\t\t<i aria-hidden=\"true\" class=\"eicon-play\"><\/i>\t\t\t\t\t\t<\/div>\n\t\t\t\t\t\t\t\t\t<\/div>\n\t\t\t\t\t<\/div>\n\t\t\t\t\t\t<\/div>\n\t\t\t\t<\/div>\n\t\t\t\t\t<\/div>\n\t\t<\/div>\n\t\t\t\t\t<\/div>\n\t\t<\/section>\n\t\t\t\t<section class=\"elementor-section elementor-top-section elementor-element elementor-element-00f5756 elementor-section-boxed elementor-section-height-default elementor-section-height-default\" data-id=\"00f5756\" data-element_type=\"section\" data-e-type=\"section\" data-settings=\"{&quot;background_background&quot;:&quot;classic&quot;}\">\n\t\t\t\t\t\t<div class=\"elementor-container elementor-column-gap-no\">\n\t\t\t\t\t<div class=\"elementor-column elementor-col-100 elementor-top-column elementor-element elementor-element-666bb63\" data-id=\"666bb63\" data-element_type=\"column\" data-e-type=\"column\">\n\t\t\t<div class=\"elementor-widget-wrap elementor-element-populated\">\n\t\t\t\t\t\t<div class=\"elementor-element elementor-element-4ad83e5 elementor-widget elementor-widget-text-editor\" data-id=\"4ad83e5\" data-element_type=\"widget\" data-e-type=\"widget\" data-widget_type=\"text-editor.default\">\n\t\t\t\t<div class=\"elementor-widget-container\">\n\t\t\t\t\t\t\t\t\t<p>La construction est l&rsquo;activit\u00e9 fondatrice du CDE.<\/p>\t\t\t\t\t\t\t\t<\/div>\n\t\t\t\t<\/div>\n\t\t\t\t<div class=\"elementor-element elementor-element-668d549 elementor-widget elementor-widget-text-editor\" data-id=\"668d549\" data-element_type=\"widget\" data-e-type=\"widget\" data-widget_type=\"text-editor.default\">\n\t\t\t\t<div class=\"elementor-widget-container\">\n\t\t\t\t\t\t\t\t\t<p>\u00c0 partir de cette succursale, l&rsquo;entreprise s&rsquo;est impos\u00e9e comme un leader au S\u00e9n\u00e9gal.<\/p>\t\t\t\t\t\t\t\t<\/div>\n\t\t\t\t<\/div>\n\t\t\t\t\t<\/div>\n\t\t<\/div>\n\t\t\t\t\t<\/div>\n\t\t<\/section>\n\t\t\t\t<section class=\"elementor-section elementor-top-section elementor-element elementor-element-d1e4664 elementor-section-boxed elementor-section-height-default elementor-section-height-default\" data-id=\"d1e4664\" data-element_type=\"section\" data-e-type=\"section\">\n\t\t\t\t\t\t<div class=\"elementor-container elementor-column-gap-no\">\n\t\t\t\t\t<div class=\"elementor-column elementor-col-100 elementor-top-column elementor-element elementor-element-847bcf8\" data-id=\"847bcf8\" data-element_type=\"column\" data-e-type=\"column\">\n\t\t\t<div class=\"elementor-widget-wrap elementor-element-populated\">\n\t\t\t\t\t\t<div class=\"elementor-element elementor-element-0021b0a elementor-widget elementor-widget-heading\" data-id=\"0021b0a\" data-element_type=\"widget\" data-e-type=\"widget\" data-widget_type=\"heading.default\">\n\t\t\t\t<div class=\"elementor-widget-container\">\n\t\t\t\t\t<h3 class=\"elementor-heading-title elementor-size-default\">CDE en chiffres<\/h3>\t\t\t\t<\/div>\n\t\t\t\t<\/div>\n\t\t\t\t<div class=\"elementor-element elementor-element-5f5d5fb elementor-widget-divider--view-line elementor-widget elementor-widget-divider\" data-id=\"5f5d5fb\" data-element_type=\"widget\" data-e-type=\"widget\" data-widget_type=\"divider.default\">\n\t\t\t\t<div class=\"elementor-widget-container\">\n\t\t\t\t\t\t\t<div class=\"elementor-divider\">\n\t\t\t<span class=\"elementor-divider-separator\">\n\t\t\t\t\t\t<\/span>\n\t\t<\/div>\n\t\t\t\t\t\t<\/div>\n\t\t\t\t<\/div>\n\t\t\t\t<section class=\"elementor-section elementor-inner-section elementor-element elementor-element-f84e174 elementor-section-boxed elementor-section-height-default elementor-section-height-default\" data-id=\"f84e174\" data-element_type=\"section\" data-e-type=\"section\">\n\t\t\t\t\t\t<div class=\"elementor-container elementor-column-gap-no\">\n\t\t\t\t\t<div class=\"elementor-column elementor-col-33 elementor-inner-column elementor-element elementor-element-2954bf1\" data-id=\"2954bf1\" data-element_type=\"column\" data-e-type=\"column\">\n\t\t\t<div class=\"elementor-widget-wrap elementor-element-populated\">\n\t\t\t\t\t\t<div class=\"elementor-element elementor-element-252491e elementor-position-left elementor-vertical-align-middle elementor-widget elementor-widget-image-box\" data-id=\"252491e\" data-element_type=\"widget\" data-e-type=\"widget\" data-widget_type=\"image-box.default\">\n\t\t\t\t<div class=\"elementor-widget-container\">\n\t\t\t\t\t<div class=\"elementor-image-box-wrapper\"><figure class=\"elementor-image-box-img\"><img decoding=\"async\" width=\"71\" height=\"71\" src=\"https:\/\/staging-3.cde.africa\/wp-content\/uploads\/2023\/09\/infinity_icon.png\" class=\"attachment-full size-full wp-image-741\" alt=\"\" \/><\/figure><div class=\"elementor-image-box-content\"><h3 class=\"elementor-image-box-title\">+ 41  milliards F CFA<\/h3><p class=\"elementor-image-box-description\">de chiffre d'affaires<\/p><\/div><\/div>\t\t\t\t<\/div>\n\t\t\t\t<\/div>\n\t\t\t\t\t<\/div>\n\t\t<\/div>\n\t\t\t\t<div class=\"elementor-column elementor-col-33 elementor-inner-column elementor-element elementor-element-7299bef\" data-id=\"7299bef\" data-element_type=\"column\" data-e-type=\"column\">\n\t\t\t<div class=\"elementor-widget-wrap elementor-element-populated\">\n\t\t\t\t\t\t<div class=\"elementor-element elementor-element-a03bc1e elementor-position-left elementor-vertical-align-middle elementor-widget elementor-widget-image-box\" data-id=\"a03bc1e\" data-element_type=\"widget\" data-e-type=\"widget\" data-widget_type=\"image-box.default\">\n\t\t\t\t<div class=\"elementor-widget-container\">\n\t\t\t\t\t<div class=\"elementor-image-box-wrapper\"><figure class=\"elementor-image-box-img\"><img decoding=\"async\" width=\"71\" height=\"71\" src=\"https:\/\/staging-3.cde.africa\/wp-content\/uploads\/2023\/09\/user_icon.png\" class=\"attachment-full size-full wp-image-743\" alt=\"\" \/><\/figure><div class=\"elementor-image-box-content\"><h3 class=\"elementor-image-box-title\">+ 2500<\/h3><p class=\"elementor-image-box-description\">Employ\u00e9s<\/p><\/div><\/div>\t\t\t\t<\/div>\n\t\t\t\t<\/div>\n\t\t\t\t\t<\/div>\n\t\t<\/div>\n\t\t\t\t<div class=\"elementor-column elementor-col-33 elementor-inner-column elementor-element elementor-element-02aee7a\" data-id=\"02aee7a\" data-element_type=\"column\" data-e-type=\"column\">\n\t\t\t<div class=\"elementor-widget-wrap elementor-element-populated\">\n\t\t\t\t\t\t<div class=\"elementor-element elementor-element-833ede4 elementor-position-left elementor-vertical-align-middle elementor-widget elementor-widget-image-box\" data-id=\"833ede4\" data-element_type=\"widget\" data-e-type=\"widget\" data-widget_type=\"image-box.default\">\n\t\t\t\t<div class=\"elementor-widget-container\">\n\t\t\t\t\t<div class=\"elementor-image-box-wrapper\"><figure class=\"elementor-image-box-img\"><img decoding=\"async\" width=\"71\" height=\"71\" src=\"https:\/\/staging-3.cde.africa\/wp-content\/uploads\/2023\/09\/map_icon.png\" class=\"attachment-full size-full wp-image-742\" alt=\"\" \/><\/figure><div class=\"elementor-image-box-content\"><h3 class=\"elementor-image-box-title\">13<\/h3><p class=\"elementor-image-box-description\">Pays<\/p><\/div><\/div>\t\t\t\t<\/div>\n\t\t\t\t<\/div>\n\t\t\t\t\t<\/div>\n\t\t<\/div>\n\t\t\t\t\t<\/div>\n\t\t<\/section>\n\t\t\t\t<div class=\"elementor-element elementor-element-d10378a elementor-widget-divider--view-line elementor-widget elementor-widget-divider\" data-id=\"d10378a\" data-element_type=\"widget\" data-e-type=\"widget\" data-widget_type=\"divider.default\">\n\t\t\t\t<div class=\"elementor-widget-container\">\n\t\t\t\t\t\t\t<div class=\"elementor-divider\">\n\t\t\t<span class=\"elementor-divider-separator\">\n\t\t\t\t\t\t<\/span>\n\t\t<\/div>\n\t\t\t\t\t\t<\/div>\n\t\t\t\t<\/div>\n\t\t\t\t\t<\/div>\n\t\t<\/div>\n\t\t\t\t\t<\/div>\n\t\t<\/section>\n\t\t\t\t<section class=\"elementor-section elementor-top-section elementor-element elementor-element-7f5152b6 elementor-section-boxed elementor-section-height-default elementor-section-height-default\" data-id=\"7f5152b6\" data-element_type=\"section\" data-e-type=\"section\">\n\t\t\t\t\t\t<div class=\"elementor-container elementor-column-gap-no\">\n\t\t\t\t\t<div class=\"elementor-column elementor-col-100 elementor-top-column elementor-element elementor-element-65a5ea8e\" data-id=\"65a5ea8e\" data-element_type=\"column\" data-e-type=\"column\">\n\t\t\t<div class=\"elementor-widget-wrap elementor-element-populated\">\n\t\t\t\t\t\t<div class=\"elementor-element elementor-element-7f16ce4f elementor-widget-divider--view-line elementor-widget elementor-widget-divider\" data-id=\"7f16ce4f\" data-element_type=\"widget\" data-e-type=\"widget\" data-widget_type=\"divider.default\">\n\t\t\t\t<div class=\"elementor-widget-container\">\n\t\t\t\t\t\t\t<div class=\"elementor-divider\">\n\t\t\t<span class=\"elementor-divider-separator\">\n\t\t\t\t\t\t<\/span>\n\t\t<\/div>\n\t\t\t\t\t\t<\/div>\n\t\t\t\t<\/div>\n\t\t\t\t<div class=\"elementor-element elementor-element-715bff84 elementor-widget-divider--view-line elementor-widget elementor-widget-divider\" data-id=\"715bff84\" data-element_type=\"widget\" data-e-type=\"widget\" data-widget_type=\"divider.default\">\n\t\t\t\t<div class=\"elementor-widget-container\">\n\t\t\t\t\t\t\t<div class=\"elementor-divider\">\n\t\t\t<span class=\"elementor-divider-separator\">\n\t\t\t\t\t\t<\/span>\n\t\t<\/div>\n\t\t\t\t\t\t<\/div>\n\t\t\t\t<\/div>\n\t\t\t\t\t<\/div>\n\t\t<\/div>\n\t\t\t\t\t<\/div>\n\t\t<\/section>\n\t\t\t\t<section class=\"elementor-section elementor-top-section elementor-element elementor-element-ee9a1ad elementor-section-boxed elementor-section-height-default elementor-section-height-default\" data-id=\"ee9a1ad\" data-element_type=\"section\" data-e-type=\"section\" data-settings=\"{&quot;background_background&quot;:&quot;classic&quot;}\">\n\t\t\t\t\t\t<div class=\"elementor-container elementor-column-gap-no\">\n\t\t\t\t\t<div class=\"elementor-column elementor-col-100 elementor-top-column elementor-element elementor-element-3216e51\" data-id=\"3216e51\" data-element_type=\"column\" data-e-type=\"column\">\n\t\t\t<div class=\"elementor-widget-wrap elementor-element-populated\">\n\t\t\t\t\t\t<div class=\"elementor-element elementor-element-fecf2c4 elementor-widget__width-initial elementor-widget elementor-widget-text-editor\" data-id=\"fecf2c4\" data-element_type=\"widget\" data-e-type=\"widget\" data-widget_type=\"text-editor.default\">\n\t\t\t\t<div class=\"elementor-widget-container\">\n\t\t\t\t\t\t\t\t\t<p>Depuis 1982, le CDE s&rsquo;est ouvert au march\u00e9 africain avec des r\u00e9alisations prestigieuses telles que :<\/p>\t\t\t\t\t\t\t\t<\/div>\n\t\t\t\t<\/div>\n\t\t\t\t<section class=\"elementor-section elementor-inner-section elementor-element elementor-element-eef82e4 elementor-section-boxed elementor-section-height-default elementor-section-height-default\" data-id=\"eef82e4\" data-element_type=\"section\" data-e-type=\"section\">\n\t\t\t\t\t\t<div class=\"elementor-container elementor-column-gap-no\">\n\t\t\t\t\t<div class=\"elementor-column elementor-col-50 elementor-inner-column elementor-element elementor-element-be713b5\" data-id=\"be713b5\" data-element_type=\"column\" data-e-type=\"column\">\n\t\t\t<div class=\"elementor-widget-wrap elementor-element-populated\">\n\t\t\t\t\t\t<div class=\"elementor-element elementor-element-3a8d36d elementor-widget elementor-widget-text-editor\" data-id=\"3a8d36d\" data-element_type=\"widget\" data-e-type=\"widget\" data-widget_type=\"text-editor.default\">\n\t\t\t\t<div class=\"elementor-widget-container\">\n\t\t\t\t\t\t\t\t\t<ul><li>Le si\u00e8ge du Fonds de la CEDEAO \u00e0 LOME<\/li><li>L&rsquo;Universit\u00e9 de DSCHANG au CAMEROU<\/li><li>Si\u00e8ge de la BCEAO<\/li><\/ul>\t\t\t\t\t\t\t\t<\/div>\n\t\t\t\t<\/div>\n\t\t\t\t\t<\/div>\n\t\t<\/div>\n\t\t\t\t<div class=\"elementor-column elementor-col-50 elementor-inner-column elementor-element elementor-element-787f6df\" data-id=\"787f6df\" data-element_type=\"column\" data-e-type=\"column\">\n\t\t\t<div class=\"elementor-widget-wrap elementor-element-populated\">\n\t\t\t\t\t\t<div class=\"elementor-element elementor-element-2e806cd elementor-widget elementor-widget-text-editor\" data-id=\"2e806cd\" data-element_type=\"widget\" data-e-type=\"widget\" data-widget_type=\"text-editor.default\">\n\t\t\t\t<div class=\"elementor-widget-container\">\n\t\t\t\t\t\t\t\t\t<ul><li>L&rsquo;Agence Nationale de la BCEAO du MALI<\/li><li>Le Centre de Traumatologie, d&rsquo;Orthop\u00e9die et de R\u00e9\u00e9ducation de Grand-Yoff DAKAR<\/li><li>Le projet d&rsquo;aquaculture SAKOBA en Guin\u00e9e Etc&#8230;<\/li><\/ul>\t\t\t\t\t\t\t\t<\/div>\n\t\t\t\t<\/div>\n\t\t\t\t\t<\/div>\n\t\t<\/div>\n\t\t\t\t\t<\/div>\n\t\t<\/section>\n\t\t\t\t<div class=\"elementor-element elementor-element-4296c62 elementor-widget__width-initial elementor-widget elementor-widget-text-editor\" data-id=\"4296c62\" data-element_type=\"widget\" data-e-type=\"widget\" data-widget_type=\"text-editor.default\">\n\t\t\t\t<div class=\"elementor-widget-container\">\n\t\t\t\t\t\t\t\t\t<p>Cette p\u00e9riode verra \u00e9galement la cr\u00e9ation de filiales en Guin\u00e9e Conakry, au Mali et en Guin\u00e9e Bissau.<\/p>\t\t\t\t\t\t\t\t<\/div>\n\t\t\t\t<\/div>\n\t\t\t\t<div class=\"elementor-element elementor-element-7715843 elementor-widget elementor-widget-text-editor\" data-id=\"7715843\" data-element_type=\"widget\" data-e-type=\"widget\" data-widget_type=\"text-editor.default\">\n\t\t\t\t<div class=\"elementor-widget-container\">\n\t\t\t\t\t\t\t\t\t<p>C&rsquo;est ainsi que le CDE a r\u00e9ussi \u00e0 se forger une r\u00e9putation d&rsquo;excellence dans le milieu professionnel, aupr\u00e8s de bailleurs de fonds tels que la <b><strong>BAD, l&rsquo;AID, la BID, l&rsquo;AFD, l&rsquo;UE, la BOAD, le FAD, l&rsquo;IDA, la KFW, la BIRD, le Fonds kowe\u00eftien, l&rsquo;USAID, etc.<\/strong><\/b><\/p><p>En 1990, la CDE entre avec succ\u00e8s sur le march\u00e9 des Travaux Publics et de la Route, qui repr\u00e9sente aujourd&rsquo;hui 20% de son activit\u00e9, avec la volont\u00e9 de d\u00e9velopper ce secteur. Les ann\u00e9es 90 sont marqu\u00e9es par une forte croissance de l&rsquo;activit\u00e9 et voient son chiffre d&rsquo;affaires atteindre 30 milliards de francs CFA en 1999.<\/p><p>S&rsquo;ensuit une p\u00e9riode courte mais difficile, durant laquelle les forces vives de l&rsquo;entreprise se mobilisent pour absorber les premiers effets de la mondialisation.<\/p><p><b><strong>Cette p\u00e9riode co\u00efncide avec les premi\u00e8res tentatives de diversification, notamment avec des investissements dans la promotion immobili\u00e8re.<\/strong><\/b><\/p><p>La CDE a pour ambition d&rsquo;\u00eatre un constructeur global qui offre \u00e0 ses clients la ma\u00eetrise de l&rsquo;ensemble de la cha\u00eene de valeur du projet : analyse des besoins, ing\u00e9nierie financi\u00e8re et technique, projets cl\u00e9s en main, construction, etc.<\/p><p>Son offre globale b\u00e9n\u00e9ficie des synergies et des compl\u00e9mentarit\u00e9s entre les diff\u00e9rents m\u00e9tiers d&rsquo;une part et des capacit\u00e9s du si\u00e8ge et des filiales d&rsquo;autre part, dans le cadre de v\u00e9ritables partenariats avec ses clients.<\/p>\t\t\t\t\t\t\t\t<\/div>\n\t\t\t\t<\/div>\n\t\t\t\t\t<\/div>\n\t\t<\/div>\n\t\t\t\t\t<\/div>\n\t\t<\/section>\n\t\t\t\t<section class=\"elementor-section elementor-top-section elementor-element elementor-element-fbe3673 elementor-section-boxed elementor-section-height-default elementor-section-height-default\" data-id=\"fbe3673\" data-element_type=\"section\" data-e-type=\"section\">\n\t\t\t\t\t\t<div class=\"elementor-container elementor-column-gap-no\">\n\t\t\t\t\t<div class=\"elementor-column elementor-col-100 elementor-top-column elementor-element elementor-element-a6e67c9\" data-id=\"a6e67c9\" data-element_type=\"column\" data-e-type=\"column\">\n\t\t\t<div class=\"elementor-widget-wrap elementor-element-populated\">\n\t\t\t\t\t\t<div class=\"elementor-element elementor-element-7ed7064 elementor-widget elementor-widget-heading\" data-id=\"7ed7064\" data-element_type=\"widget\" data-e-type=\"widget\" data-widget_type=\"heading.default\">\n\t\t\t\t<div class=\"elementor-widget-container\">\n\t\t\t\t\t<h3 class=\"elementor-heading-title elementor-size-default\">CDE, Entreprise certifi\u00e9e<\/h3>\t\t\t\t<\/div>\n\t\t\t\t<\/div>\n\t\t\t\t<div class=\"elementor-element elementor-element-3779b1d elementor-widget-divider--view-line elementor-widget elementor-widget-divider\" data-id=\"3779b1d\" data-element_type=\"widget\" data-e-type=\"widget\" data-widget_type=\"divider.default\">\n\t\t\t\t<div class=\"elementor-widget-container\">\n\t\t\t\t\t\t\t<div class=\"elementor-divider\">\n\t\t\t<span class=\"elementor-divider-separator\">\n\t\t\t\t\t\t<\/span>\n\t\t<\/div>\n\t\t\t\t\t\t<\/div>\n\t\t\t\t<\/div>\n\t\t\t\t<div class=\"elementor-element elementor-element-a435e1d elementor-widget elementor-widget-text-editor\" data-id=\"a435e1d\" data-element_type=\"widget\" data-e-type=\"widget\" data-widget_type=\"text-editor.default\">\n\t\t\t\t<div class=\"elementor-widget-container\">\n\t\t\t\t\t\t\t\t\t<p>La satisfaction de nos clients, la sant\u00e9 et la s\u00e9curit\u00e9 des personnes, ainsi que la pr\u00e9servation de l&rsquo;environnement sont des enjeux majeurs dans la r\u00e9alisation des projets du CONSORTIUM D&rsquo;ENTREPRISES.<\/p>\t\t\t\t\t\t\t\t<\/div>\n\t\t\t\t<\/div>\n\t\t\t\t<div class=\"elementor-element elementor-element-d16b128 elementor-mobile-align-center elementor-widget elementor-widget-button\" data-id=\"d16b128\" data-element_type=\"widget\" data-e-type=\"widget\" data-widget_type=\"button.default\">\n\t\t\t\t<div class=\"elementor-widget-container\">\n\t\t\t\t\t\t\t\t\t<div class=\"elementor-button-wrapper\">\n\t\t\t\t\t<a class=\"elementor-button elementor-button-link elementor-size-sm\" href=\"#\">\n\t\t\t\t\t\t<span class=\"elementor-button-content-wrapper\">\n\t\t\t\t\t\t\t\t\t<span class=\"elementor-button-text\">en savoir plus sur la politique de qualit\u00e9<\/span>\n\t\t\t\t\t<\/span>\n\t\t\t\t\t<\/a>\n\t\t\t\t<\/div>\n\t\t\t\t\t\t\t\t<\/div>\n\t\t\t\t<\/div>\n\t\t\t\t<section class=\"elementor-section elementor-inner-section elementor-element elementor-element-fcdde31 elementor-section-boxed elementor-section-height-default elementor-section-height-default\" data-id=\"fcdde31\" data-element_type=\"section\" data-e-type=\"section\">\n\t\t\t\t\t\t<div class=\"elementor-container elementor-column-gap-no\">\n\t\t\t\t\t<div class=\"elementor-column elementor-col-33 elementor-inner-column elementor-element elementor-element-68ee949\" data-id=\"68ee949\" data-element_type=\"column\" data-e-type=\"column\">\n\t\t\t<div class=\"elementor-widget-wrap\">\n\t\t\t\t\t\t\t<\/div>\n\t\t<\/div>\n\t\t\t\t<div class=\"elementor-column elementor-col-33 elementor-inner-column elementor-element elementor-element-49cf8f8\" data-id=\"49cf8f8\" data-element_type=\"column\" data-e-type=\"column\">\n\t\t\t<div class=\"elementor-widget-wrap elementor-element-populated\">\n\t\t\t\t\t\t<div class=\"elementor-element elementor-element-cf3e65d elementor-widget elementor-widget-image\" data-id=\"cf3e65d\" data-element_type=\"widget\" data-e-type=\"widget\" data-widget_type=\"image.default\">\n\t\t\t\t<div class=\"elementor-widget-container\">\n\t\t\t\t\t\t\t\t\t\t\t\t\t\t\t<img loading=\"lazy\" decoding=\"async\" width=\"297\" height=\"211\" src=\"https:\/\/staging-3.cde.africa\/wp-content\/uploads\/2023\/09\/iso9001_doc-1.jpg\" class=\"attachment-full size-full wp-image-878\" alt=\"\" \/>\t\t\t\t\t\t\t\t\t\t\t\t\t\t\t<\/div>\n\t\t\t\t<\/div>\n\t\t\t\t<div class=\"elementor-element elementor-element-15de0f2 elementor-align-center elementor-widget elementor-widget-button\" data-id=\"15de0f2\" data-element_type=\"widget\" data-e-type=\"widget\" data-widget_type=\"button.default\">\n\t\t\t\t<div class=\"elementor-widget-container\">\n\t\t\t\t\t\t\t\t\t<div class=\"elementor-button-wrapper\">\n\t\t\t\t\t<a class=\"elementor-button elementor-button-link elementor-size-sm\" href=\"#\">\n\t\t\t\t\t\t<span class=\"elementor-button-content-wrapper\">\n\t\t\t\t\t\t<span class=\"elementor-button-icon\">\n\t\t\t\t<i aria-hidden=\"true\" class=\"fas fa-paperclip\"><\/i>\t\t\t<\/span>\n\t\t\t\t\t\t\t\t\t<span class=\"elementor-button-text\">D\u00e9couvrir le document<\/span>\n\t\t\t\t\t<\/span>\n\t\t\t\t\t<\/a>\n\t\t\t\t<\/div>\n\t\t\t\t\t\t\t\t<\/div>\n\t\t\t\t<\/div>\n\t\t\t\t\t<\/div>\n\t\t<\/div>\n\t\t\t\t<div class=\"elementor-column elementor-col-33 elementor-inner-column elementor-element elementor-element-35b12dd\" data-id=\"35b12dd\" data-element_type=\"column\" data-e-type=\"column\">\n\t\t\t<div class=\"elementor-widget-wrap\">\n\t\t\t\t\t\t\t<\/div>\n\t\t<\/div>\n\t\t\t\t\t<\/div>\n\t\t<\/section>\n\t\t\t\t\t<\/div>\n\t\t<\/div>\n\t\t\t\t\t<\/div>\n\t\t<\/section>\n\t\t\t\t<\/div>\n\t\t","protected":false},"excerpt":{"rendered":"<p>Pr\u00e9sentation CDE, leader incontest\u00e9, depuis 1967. CDE, un leader incontest\u00e9, depuis 1967 &#8211; ann\u00e9e de sa cr\u00e9ation &#8211; a pu gr\u00e2ce \u00e0 son savoir-faire et son professionnalisme, devenir une entreprise de r\u00e9f\u00e9rence dans le domaine du B\u00e2timents et des Travaux Publics avec la r\u00e9alisation d\u2019ouvrages prestigieux au S\u00e9n\u00e9gal, en Afrique de l\u2019ouest, en Afrique centrale [&hellip;]<\/p>\n","protected":false},"author":1,"featured_media":0,"parent":0,"menu_order":0,"comment_status":"closed","ping_status":"closed","template":"","meta":{"footnotes":""},"class_list":["post-894","page","type-page","status-publish","hentry"],"_links":{"self":[{"href":"https:\/\/staging-3.cde.africa\/index.php?rest_route=\/wp\/v2\/pages\/894","targetHints":{"allow":["GET"]}}],"collection":[{"href":"https:\/\/staging-3.cde.africa\/index.php?rest_route=\/wp\/v2\/pages"}],"about":[{"href":"https:\/\/staging-3.cde.africa\/index.php?rest_route=\/wp\/v2\/types\/page"}],"author":[{"embeddable":true,"href":"https:\/\/staging-3.cde.africa\/index.php?rest_route=\/wp\/v2\/users\/1"}],"replies":[{"embeddable":true,"href":"https:\/\/staging-3.cde.africa\/index.php?rest_route=%2Fwp%2Fv2%2Fcomments&post=894"}],"version-history":[{"count":98,"href":"https:\/\/staging-3.cde.africa\/index.php?rest_route=\/wp\/v2\/pages\/894\/revisions"}],"predecessor-version":[{"id":6840,"href":"https:\/\/staging-3.cde.africa\/index.php?rest_route=\/wp\/v2\/pages\/894\/revisions\/6840"}],"wp:attachment":[{"href":"https:\/\/staging-3.cde.africa\/index.php?rest_route=%2Fwp%2Fv2%2Fmedia&parent=894"}],"curies":[{"name":"wp","href":"https:\/\/api.w.org\/{rel}","templated":true}]}}